{"id":697,"date":"2020-08-07T15:40:10","date_gmt":"2020-08-07T15:40:10","guid":{"rendered":"https:\/\/antoniopizza.ca\/?page_id=697"},"modified":"2020-09-04T22:10:51","modified_gmt":"2020-09-04T18:10:51","slug":"conditions-dutilisation","status":"publish","type":"page","link":"https:\/\/antoniopizza.ca\/en\/conditions-dutilisation\/","title":{"rendered":"Terms of Use"},"content":{"rendered":"<p>[et_pb_section fb_built=\u00a0\u00bb1&Prime; custom_padding_last_edited=\u00a0\u00bboff|desktop\u00a0\u00bb admin_label=\u00a0\u00bbHeader\u00a0\u00bb _builder_version=\u00a0\u00bb4.5.1&Prime; background_color=\u00a0\u00bb#f3f3f1&Prime; background_enable_image=\u00a0\u00bboff\u00a0\u00bb custom_padding=\u00a0\u00bb0vw||||false|false\u00a0\u00bb custom_padding_tablet=\u00a0\u00bb50px||50px||true|false\u00a0\u00bb custom_padding_phone=\u00a0\u00bb30px||30px||true|false\u00a0\u00bb locked=\u00a0\u00bboff\u00a0\u00bb][et_pb_row _builder_version=\u00a0\u00bb4.5.1&Prime; _module_preset=\u00a0\u00bbdefault\u00a0\u00bb][et_pb_column type=\u00a0\u00bb4_4&Prime; _builder_version=\u00a0\u00bb4.5.1&Prime; _module_preset=\u00a0\u00bbdefault\u00a0\u00bb][et_pb_text _builder_version=\u00a0\u00bb4.6.0&Prime; _module_preset=\u00a0\u00bbdefault\u00a0\u00bb hover_enabled=\u00a0\u00bb0&Prime; transform_translate_linked=\u00a0\u00bboff\u00a0\u00bb transform_translate=\u00a0\u00bb0px|59px\u00a0\u00bb sticky_enabled=\u00a0\u00bb0&Prime;]<\/p>\n<p style=\"text-align: justify;\"><b>Conditions d\u2019utilisation\u00a0<\/b><\/p>\n<p style=\"text-align: justify;\"><span style=\"font-weight: 400;\">Antonio Pizzeria s&rsquo;engage \u00e0 prot\u00e9ger la confidentialit\u00e9 des informations personnelles que vous nous fournissez sur notre site Web. Nous pensons qu&rsquo;il est important que vous sachiez comment nous traitons les informations que vous partagez avec nous. La politique suivante explique comment vos informations personnelles seront trait\u00e9es lorsque vous utilisez notre site Web et ses fonctionnalit\u00e9s. Les informations personnelles comprennent votre nom, adresse, num\u00e9ro de t\u00e9l\u00e9phone, adresses e-mail, activit\u00e9 de clic et toute autre information que vous pouvez fournir ici. Votre adresse e-mail et toutes les autres informations personnelles ne sont collect\u00e9es que lorsque vous fournissez volontairement ces donn\u00e9es lors de la soumission de formulaires tels que des r\u00e9servations ou des commandes en ligne.<\/span><\/p>\n<p style=\"text-align: justify;\"><b>Avis g\u00e9n\u00e9ral<\/b><\/p>\n<p style=\"text-align: justify;\"><span style=\"font-weight: 400;\">Antonio Pizzeria s&rsquo;efforce de s&rsquo;assurer que les informations contenues dans ce site Web sont exactes et fiables. Cependant, Antonio Pizzeria et le World Wide Web (ou l&rsquo;h\u00e9bergeur du site Web) ne sont pas infaillibles et des erreurs peuvent parfois survenir. Par cons\u00e9quent, dans toute la mesure permise par la loi applicable, Antonio Pizzeria d\u00e9cline toute garantie de quelque nature que ce soit, expresse ou implicite, quant \u00e0 quelque question que ce soit relative \u00e0 ce site Web. Antonio Pizzeria n&rsquo;est pas responsable des dommages ou blessures caus\u00e9s par l&rsquo;utilisation de ce site Web (tels que virus, omissions ou inexactitudes). Antonio Pizzeria peut r\u00e9viser les informations, les services et les ressources contenus dans ce site Web de temps \u00e0 autre et nous nous r\u00e9servons le droit d&rsquo;apporter de telles modifications sans obligation d&rsquo;en informer les visiteurs pass\u00e9s, actuels ou potentiels. En aucun cas, Antonio Pizzeria ne pourra \u00eatre tenu responsable des dommages indirects, sp\u00e9ciaux, accessoires ou cons\u00e9cutifs d\u00e9coulant de l&rsquo;utilisation des informations contenues dans ce document.<\/span><\/p>\n<p style=\"text-align: justify;\"><b>Avis sur les droits d&rsquo;auteur<\/b><\/p>\n<p style=\"text-align: justify;\"><span style=\"font-weight: 400;\">Le texte et le code html contenus dans ce site web sont la propri\u00e9t\u00e9 exclusive d&rsquo;Antonio Pizzeria. Sauf indication contraire, le texte et le code html contenus ici ne peuvent \u00eatre copi\u00e9s, distribu\u00e9s, affich\u00e9s, reproduits ou transmis sous quelque forme ou par quelque moyen que ce soit sans l&rsquo;autorisation \u00e9crite pr\u00e9alable d&rsquo;Antonio Pizzeria.<\/span><\/p>\n<p style=\"text-align: justify;\"><span style=\"font-weight: 400;\">Sauf indication contraire, les images photographiques sur www.antoniopizza.ca sont la propri\u00e9t\u00e9 de 3HeadsMedia, de ses conc\u00e9dants de licence ou de ses partenaires d&rsquo;images tiers. Vous ne pouvez utiliser aucune des images photographiques ou du mat\u00e9riel graphique sur www.antoniopizza.ca, en tout ou en partie, sans l&rsquo;autorisation \u00e9crite de 3HeadsMedia.<\/span><\/p>\n<p style=\"text-align: justify;\"><b>Avis sur les hyper-liens<\/b><\/p>\n<p style=\"text-align: justify;\"><span style=\"font-weight: 400;\">Le site Web d&rsquo;Antonio Pizzeria peut renvoyer \u00e0 des sites non maintenus par ou li\u00e9s \u00e0 Antonio Pizzeria. Les liens hypertextes sont fournis en tant que service aux utilisateurs et ne sont ni sponsoris\u00e9s ni affili\u00e9s \u00e0 ce site Web ou \u00e0 Antonio Pizzeria. Antonio Pizzeria n&rsquo;a pas examin\u00e9 les sites hyperli\u00e9s vers ou \u00e0 partir de ce site Web et n&rsquo;est pas responsable du contenu de tout autre site. Ces liens sont accessibles aux risques et p\u00e9rils de l\u2019utilisateur. Antonio Pizzeria ne fait aucune repr\u00e9sentation ou garantie sur le contenu, l&rsquo;exhaustivit\u00e9 ou l&rsquo;exactitude de ces liens ou des sites hyper-li\u00e9s \u00e0 ce site Web. En outre, Antonio Pizzeria n&rsquo;approuve pas implicitement les sites tiers en hyperliens vers ce site Web.<\/span><\/p>\n<p>[\/et_pb_text][\/et_pb_column][\/et_pb_row][\/et_pb_section]<\/p>\n","protected":false},"excerpt":{"rendered":"<p>Conditions d\u2019utilisation\u00a0 Antonio Pizzeria s&rsquo;engage \u00e0 prot\u00e9ger la confidentialit\u00e9 des informations personnelles que vous nous fournissez sur notre site Web. Nous pensons qu&rsquo;il est important que vous sachiez comment nous traitons les informations que vous partagez avec nous. La politique suivante explique comment vos informations personnelles seront trait\u00e9es lorsque vous utilisez notre site Web et [&hellip;]<\/p>\n","protected":false},"author":4,"featured_media":0,"parent":0,"menu_order":0,"comment_status":"closed","ping_status":"closed","template":"","meta":{"_et_pb_use_builder":"on","_et_pb_old_content":"","_et_gb_content_width":"","footnotes":""},"class_list":["post-697","page","type-page","status-publish","hentry"],"yoast_head":"<!-- This site is optimized with the Yoast SEO plugin v27.5 - https:\/\/yoast.com\/product\/yoast-seo-wordpress\/ -->\n<title>Conditions d\u2019utilisation - \ud83c\udf55 Antonio Pizza \ud83c\udf55<\/title>\n<meta name=\"robots\" content=\"index, follow, max-snippet:-1, max-image-preview:large, max-video-preview:-1\" \/>\n<link rel=\"canonical\" href=\"https:\/\/antoniopizza.ca\/en\/conditions-dutilisation\/\" \/>\n<meta property=\"og:locale\" content=\"en_US\" \/>\n<meta property=\"og:type\" content=\"article\" \/>\n<meta property=\"og:title\" content=\"Conditions d\u2019utilisation - \ud83c\udf55 Antonio Pizza \ud83c\udf55\" \/>\n<meta property=\"og:description\" content=\"Conditions d\u2019utilisation\u00a0 Antonio Pizzeria s&#039;engage \u00e0 prot\u00e9ger la confidentialit\u00e9 des informations personnelles que vous nous fournissez sur notre site Web. Nous pensons qu&#039;il est important que vous sachiez comment nous traitons les informations que vous partagez avec nous. La politique suivante explique comment vos informations personnelles seront trait\u00e9es lorsque vous utilisez notre site Web et [&hellip;]\" \/>\n<meta property=\"og:url\" content=\"https:\/\/antoniopizza.ca\/en\/conditions-dutilisation\/\" \/>\n<meta property=\"og:site_name\" content=\"\ud83c\udf55 Antonio Pizza \ud83c\udf55\" \/>\n<meta property=\"article:modified_time\" content=\"2020-09-04T18:10:51+00:00\" \/>\n<meta name=\"twitter:card\" content=\"summary_large_image\" \/>\n<meta name=\"twitter:label1\" content=\"Est. reading time\" \/>\n\t<meta name=\"twitter:data1\" content=\"3 minutes\" \/>\n<script type=\"application\/ld+json\" class=\"yoast-schema-graph\">{\"@context\":\"https:\\\/\\\/schema.org\",\"@graph\":[{\"@type\":\"WebPage\",\"@id\":\"https:\\\/\\\/antoniopizza.ca\\\/conditions-dutilisation\\\/\",\"url\":\"https:\\\/\\\/antoniopizza.ca\\\/conditions-dutilisation\\\/\",\"name\":\"Conditions d\u2019utilisation - \ud83c\udf55 Antonio Pizza \ud83c\udf55\",\"isPartOf\":{\"@id\":\"https:\\\/\\\/antoniopizza.ca\\\/#website\"},\"datePublished\":\"2020-08-07T15:40:10+00:00\",\"dateModified\":\"2020-09-04T18:10:51+00:00\",\"breadcrumb\":{\"@id\":\"https:\\\/\\\/antoniopizza.ca\\\/conditions-dutilisation\\\/#breadcrumb\"},\"inLanguage\":\"en-CA\",\"potentialAction\":[{\"@type\":\"ReadAction\",\"target\":[\"https:\\\/\\\/antoniopizza.ca\\\/conditions-dutilisation\\\/\"]}]},{\"@type\":\"BreadcrumbList\",\"@id\":\"https:\\\/\\\/antoniopizza.ca\\\/conditions-dutilisation\\\/#breadcrumb\",\"itemListElement\":[{\"@type\":\"ListItem\",\"position\":1,\"name\":\"Home\",\"item\":\"https:\\\/\\\/antoniopizza.ca\\\/\"},{\"@type\":\"ListItem\",\"position\":2,\"name\":\"Conditions d\u2019utilisation\"}]},{\"@type\":\"WebSite\",\"@id\":\"https:\\\/\\\/antoniopizza.ca\\\/#website\",\"url\":\"https:\\\/\\\/antoniopizza.ca\\\/\",\"name\":\"\ud83c\udf55 Antonio Pizza \ud83c\udf55\",\"description\":\"\",\"potentialAction\":[{\"@type\":\"SearchAction\",\"target\":{\"@type\":\"EntryPoint\",\"urlTemplate\":\"https:\\\/\\\/antoniopizza.ca\\\/?s={search_term_string}\"},\"query-input\":{\"@type\":\"PropertyValueSpecification\",\"valueRequired\":true,\"valueName\":\"search_term_string\"}}],\"inLanguage\":\"en-CA\"}]}<\/script>\n<!-- \/ Yoast SEO plugin. -->","yoast_head_json":{"title":"Conditions d\u2019utilisation - \ud83c\udf55 Antonio Pizza \ud83c\udf55","robots":{"index":"index","follow":"follow","max-snippet":"max-snippet:-1","max-image-preview":"max-image-preview:large","max-video-preview":"max-video-preview:-1"},"canonical":"https:\/\/antoniopizza.ca\/en\/conditions-dutilisation\/","og_locale":"en_US","og_type":"article","og_title":"Conditions d\u2019utilisation - \ud83c\udf55 Antonio Pizza \ud83c\udf55","og_description":"Conditions d\u2019utilisation\u00a0 Antonio Pizzeria s'engage \u00e0 prot\u00e9ger la confidentialit\u00e9 des informations personnelles que vous nous fournissez sur notre site Web. Nous pensons qu'il est important que vous sachiez comment nous traitons les informations que vous partagez avec nous. La politique suivante explique comment vos informations personnelles seront trait\u00e9es lorsque vous utilisez notre site Web et [&hellip;]","og_url":"https:\/\/antoniopizza.ca\/en\/conditions-dutilisation\/","og_site_name":"\ud83c\udf55 Antonio Pizza \ud83c\udf55","article_modified_time":"2020-09-04T18:10:51+00:00","twitter_card":"summary_large_image","twitter_misc":{"Est. reading time":"3 minutes"},"schema":{"@context":"https:\/\/schema.org","@graph":[{"@type":"WebPage","@id":"https:\/\/antoniopizza.ca\/conditions-dutilisation\/","url":"https:\/\/antoniopizza.ca\/conditions-dutilisation\/","name":"Conditions d\u2019utilisation - \ud83c\udf55 Antonio Pizza \ud83c\udf55","isPartOf":{"@id":"https:\/\/antoniopizza.ca\/#website"},"datePublished":"2020-08-07T15:40:10+00:00","dateModified":"2020-09-04T18:10:51+00:00","breadcrumb":{"@id":"https:\/\/antoniopizza.ca\/conditions-dutilisation\/#breadcrumb"},"inLanguage":"en-CA","potentialAction":[{"@type":"ReadAction","target":["https:\/\/antoniopizza.ca\/conditions-dutilisation\/"]}]},{"@type":"BreadcrumbList","@id":"https:\/\/antoniopizza.ca\/conditions-dutilisation\/#breadcrumb","itemListElement":[{"@type":"ListItem","position":1,"name":"Home","item":"https:\/\/antoniopizza.ca\/"},{"@type":"ListItem","position":2,"name":"Conditions d\u2019utilisation"}]},{"@type":"WebSite","@id":"https:\/\/antoniopizza.ca\/#website","url":"https:\/\/antoniopizza.ca\/","name":"\ud83c\udf55 Antonio Pizza \ud83c\udf55","description":"","potentialAction":[{"@type":"SearchAction","target":{"@type":"EntryPoint","urlTemplate":"https:\/\/antoniopizza.ca\/?s={search_term_string}"},"query-input":{"@type":"PropertyValueSpecification","valueRequired":true,"valueName":"search_term_string"}}],"inLanguage":"en-CA"}]}},"jetpack_sharing_enabled":true,"_links":{"self":[{"href":"https:\/\/antoniopizza.ca\/en\/wp-json\/wp\/v2\/pages\/697","targetHints":{"allow":["GET"]}}],"collection":[{"href":"https:\/\/antoniopizza.ca\/en\/wp-json\/wp\/v2\/pages"}],"about":[{"href":"https:\/\/antoniopizza.ca\/en\/wp-json\/wp\/v2\/types\/page"}],"author":[{"embeddable":true,"href":"https:\/\/antoniopizza.ca\/en\/wp-json\/wp\/v2\/users\/4"}],"replies":[{"embeddable":true,"href":"https:\/\/antoniopizza.ca\/en\/wp-json\/wp\/v2\/comments?post=697"}],"version-history":[{"count":0,"href":"https:\/\/antoniopizza.ca\/en\/wp-json\/wp\/v2\/pages\/697\/revisions"}],"wp:attachment":[{"href":"https:\/\/antoniopizza.ca\/en\/wp-json\/wp\/v2\/media?parent=697"}],"curies":[{"name":"wp","href":"https:\/\/api.w.org\/{rel}","templated":true}]}}